{"id":156,"date":"2019-01-15T10:59:47","date_gmt":"2019-01-15T10:59:47","guid":{"rendered":"http:\/\/www.gamonal.es\/burgos\/?page_id=156"},"modified":"2019-02-12T21:37:20","modified_gmt":"2019-02-12T21:37:20","slug":"home","status":"publish","type":"page","link":"http:\/\/www.gamonal.es\/burgos\/","title":{"rendered":"Inicio"},"content":{"rendered":"\n<a href=\"#\" target=\"_self\" itemprop=\"url\">\n\t\t\t\t<img loading=\"lazy\" decoding=\"async\" src=\"http:\/\/www.gamonal.es\/burgos\/wp-content\/uploads\/2019\/02\/Carrir_bici_surrealista.jpg\" alt=\"Carrir_bici_surrealista\" itemprop=\"image\" title=\"Carrir_bici_surrealista\" onerror=\"this.style.display='none'\" width=\"1600\" height=\"1196\">\n\t\t\t\t<\/a>\n<h3><a href=\"#\" target=\"_self\">\u00bfy por d\u00f3nde cruzo?<\/a><\/h3>\t\t\n\t\t\t<em>Como peatones, dif\u00edcil lo tenemos para intentar atravesar el carril-bici, siendo respetuosos como somos con las normas de tr\u00e1fico&#8230;<br>\n<\/em>\n<a href=\"#\" target=\"_self\">Learn More<\/a>\t\t\n\t\t\t\t<a href=\"#\" target=\"_self\" itemprop=\"url\">\n\t\t\t\t<img loading=\"lazy\" decoding=\"async\" src=\"http:\/\/www.gamonal.es\/burgos\/wp-content\/uploads\/2019\/02\/Obras_traseras_calle_vitoria.jpg\" alt=\"Obras_traseras_calle_vitoria\" itemprop=\"image\" title=\"Obras_traseras_calle_vitoria\" onerror=\"this.style.display='none'\" width=\"1600\" height=\"1196\">\n\t\t\t\t<\/a>\n<h3><a href=\"#\" target=\"_self\">Anda que no hac\u00eda falta&#8230;<\/a><\/h3>\t\t\n\t\t\t<p>\u00bfDe verdad no nos indigna ver lo que se est\u00e1 tardando en urbanizar zonas dentro de una ciudad que quiso ser capital de la cultura?<\/p>\n<a href=\"#\" target=\"_self\">Learn More<\/a>\t\t\n\t\t\t\t<a href=\"#\" target=\"_self\" itemprop=\"url\">\n\t\t\t\t<img loading=\"lazy\" decoding=\"async\" src=\"http:\/\/www.gamonal.es\/burgos\/wp-content\/uploads\/2019\/02\/Las_quemadas.jpg\" alt=\"Las_quemadas\" itemprop=\"image\" title=\"Las_quemadas\" onerror=\"this.style.display='none'\" width=\"1600\" height=\"1196\">\n\t\t\t\t<\/a>\n<h3><a href=\"#\" target=\"_self\">&#8220;Las Quemadas&#8221;<\/a><\/h3>\t\t\n\t\t\t<p>\u00bfCu\u00e1ntos hab\u00e9is estudiado aqu\u00ed?<\/p>\n<a href=\"#\" target=\"_self\">Learn More<\/a>\t\t\n\t<h3>Seguro que nos reconocemos<\/h3>\n<p>Desde luego, a poco observadores que seamos, veremos muchos aspectos que nos son \u00bfdiscordantes? con una ciudad moderna.<\/p>\n<p>\u00bfCoches en doble fila, donde en ninguna otra parte de la ciudad se permite?<\/p>\n<p>\u00bfZonas de detenci\u00f3n de autob\u00fas donde no caben o no se acercan a la acera?<\/p>\n<p>\u00bfEspacios lamentables, como cuando vas a los &#8220;carros&#8221; en esa zona disuasoria y tienes que estacionar en una zona embarrada? (y ni qu\u00e9 decir tiene que no te dejen meter el coche para dos d\u00edas a la semana que tiene afluencia&#8230;)<\/p>\n\t\t\t\t<img loading=\"lazy\" decoding=\"async\" src=\"http:\/\/www.gamonal.es\/burgos\/wp-content\/uploads\/2019\/02\/Calle_vitoria.jpg\" alt=\"Calle_vitoria\" itemprop=\"image\" title=\"Calle_vitoria\" onerror=\"this.style.display='none'\" width=\"1600\" height=\"1196\">\n","protected":false},"excerpt":{"rendered":"<p>\u00bfy por d\u00f3nde cruzo? Como peatones, dif\u00edcil lo tenemos para intentar atravesar el carril-bici, siendo respetuosos como somos con las&hellip;<\/p>\n","protected":false},"author":1,"featured_media":316,"parent":0,"menu_order":0,"comment_status":"closed","ping_status":"closed","template":"","meta":{"footnotes":""},"_links":{"self":[{"href":"http:\/\/www.gamonal.es\/burgos\/wp-json\/wp\/v2\/pages\/156"}],"collection":[{"href":"http:\/\/www.gamonal.es\/burgos\/wp-json\/wp\/v2\/pages"}],"about":[{"href":"http:\/\/www.gamonal.es\/burgos\/wp-json\/wp\/v2\/types\/page"}],"author":[{"embeddable":true,"href":"http:\/\/www.gamonal.es\/burgos\/wp-json\/wp\/v2\/users\/1"}],"replies":[{"embeddable":true,"href":"http:\/\/www.gamonal.es\/burgos\/wp-json\/wp\/v2\/comments?post=156"}],"version-history":[{"count":7,"href":"http:\/\/www.gamonal.es\/burgos\/wp-json\/wp\/v2\/pages\/156\/revisions"}],"predecessor-version":[{"id":403,"href":"http:\/\/www.gamonal.es\/burgos\/wp-json\/wp\/v2\/pages\/156\/revisions\/403"}],"wp:featuredmedia":[{"embeddable":true,"href":"http:\/\/www.gamonal.es\/burgos\/wp-json\/wp\/v2\/media\/316"}],"wp:attachment":[{"href":"http:\/\/www.gamonal.es\/burgos\/wp-json\/wp\/v2\/media?parent=156"}],"curies":[{"name":"wp","href":"https:\/\/api.w.org\/{rel}","templated":true}]}}